{"id":124,"date":"2026-03-30T15:10:46","date_gmt":"2026-03-30T13:10:46","guid":{"rendered":"https:\/\/aitr.pl\/?page_id=124"},"modified":"2026-03-30T16:16:15","modified_gmt":"2026-03-30T14:16:15","slug":"elementor-124","status":"publish","type":"page","link":"https:\/\/aitr.pl\/?page_id=124","title":{"rendered":"Regulamin"},"content":{"rendered":"\t\t<div data-elementor-type=\"wp-page\" data-elementor-id=\"124\" class=\"elementor elementor-124\">\n\t\t\t\t<div class=\"elementor-element elementor-element-09cb892 e-flex e-con-boxed e-con e-parent\" data-id=\"09cb892\" data-element_type=\"container\" data-e-type=\"container\">\n\t\t\t\t\t<div class=\"e-con-inner\">\n\t\t\t\t<div class=\"elementor-element elementor-element-bc45bef elementor-widget elementor-widget-text-editor\" data-id=\"bc45bef\" data-element_type=\"widget\" data-e-type=\"widget\" data-widget_type=\"text-editor.default\">\n\t\t\t\t\t\t\t\t\t<p data-start=\"199\" data-end=\"222\"><em><strong>AITR Adrian Adamson<\/strong><br \/><strong>Oksz\u00f3w, ul. Che\u0142mska 57.<\/strong><br \/><strong>NIP: 5632395136<\/strong><br \/><strong>REGON: 529926848<\/strong><\/em><\/p><p>\u00a0<\/p><h2 data-section-id=\"1cwuhhm\" data-start=\"224\" data-end=\"250\">\u00a71 Postanowienia og\u00f3lne<\/h2><ol data-start=\"251\" data-end=\"542\"><li data-section-id=\"dws8x1\" data-start=\"251\" data-end=\"388\">Niniejszy regulamin okre\u015bla zasady \u015bwiadczenia us\u0142ug przez firm\u0119:<br data-start=\"319\" data-end=\"322\" \/><strong data-start=\"325\" data-end=\"348\">AITR Adrian Adamson<\/strong>, z siedzib\u0105: Oksz\u00f3w, ul. Che\u0142mska 57.<\/li><li data-section-id=\"1cx7lrq\" data-start=\"389\" data-end=\"481\">Regulamin dotyczy us\u0142ug diagnostyki i naprawy elektroniki oraz automatyki przemys\u0142owej.<\/li><li data-section-id=\"3k6nbo\" data-start=\"482\" data-end=\"542\">Klientem mo\u017ce by\u0107 osoba fizyczna, firma lub instytucja.<\/li><\/ol><hr data-start=\"544\" data-end=\"547\" \/><h2 data-section-id=\"vjijjm\" data-start=\"549\" data-end=\"567\">\u00a72 Zakres us\u0142ug<\/h2><ol data-start=\"568\" data-end=\"840\"><li data-section-id=\"hy56da\" data-start=\"568\" data-end=\"760\">Firma \u015bwiadczy us\u0142ugi w zakresie:<br \/><ul data-start=\"608\" data-end=\"760\"><li data-section-id=\"1p7hsyh\" data-start=\"608\" data-end=\"647\">diagnostyki urz\u0105dze\u0144 elektronicznych,<\/li><li data-section-id=\"tn4cxn\" data-start=\"651\" data-end=\"716\">naprawy falownik\u00f3w, zasilaczy, sterownik\u00f3w PLC oraz paneli HMI,<\/li><li data-section-id=\"q73ki\" data-start=\"720\" data-end=\"760\">regeneracji modu\u0142\u00f3w elektronicznych.<\/li><\/ul><\/li><li data-section-id=\"1su1aqc\" data-start=\"761\" data-end=\"840\">Firma zastrzega sobie prawo odmowy wykonania us\u0142ugi bez podania przyczyny.<\/li><\/ol><hr data-start=\"842\" data-end=\"845\" \/><h2 data-section-id=\"pqir2h\" data-start=\"847\" data-end=\"873\">\u00a73 Przyj\u0119cie urz\u0105dzenia<\/h2><ol data-start=\"874\" data-end=\"1111\"><li data-section-id=\"ott9lp\" data-start=\"874\" data-end=\"953\">Urz\u0105dzenia przyjmowane s\u0105:<br \/><ul data-start=\"907\" data-end=\"953\"><li data-section-id=\"e3dyce\" data-start=\"907\" data-end=\"919\">wysy\u0142kowo,<\/li><li data-section-id=\"1xgfm10\" data-start=\"923\" data-end=\"953\">poprzez odbi\u00f3r od klienta.<\/li><\/ul><\/li><li data-section-id=\"e7v4m5\" data-start=\"954\" data-end=\"1031\">Klient zobowi\u0105zany jest do zabezpieczenia urz\u0105dzenia na czas transportu.<\/li><li data-section-id=\"md9ich\" data-start=\"1032\" data-end=\"1111\">Firma nie odpowiada za uszkodzenia powsta\u0142e podczas transportu od klienta.<\/li><\/ol><hr data-start=\"1113\" data-end=\"1116\" \/><h2 data-section-id=\"hrsc6z\" data-start=\"1118\" data-end=\"1145\">\u00a74 Diagnostyka i naprawa<\/h2><ol data-start=\"1146\" data-end=\"1428\"><li data-section-id=\"1fjwz6a\" data-start=\"1146\" data-end=\"1205\">Diagnostyka jest bezp\u0142atna, chyba \u017ce ustalono inaczej.<\/li><li data-section-id=\"14ylg04\" data-start=\"1206\" data-end=\"1280\">Po wykonaniu diagnozy klient otrzymuje informacj\u0119 o kosztach naprawy.<\/li><li data-section-id=\"re5qce\" data-start=\"1281\" data-end=\"1345\">Naprawa wykonywana jest po akceptacji wyceny przez klienta.<\/li><li data-section-id=\"rf39qi\" data-start=\"1346\" data-end=\"1428\">W przypadku rezygnacji klienta urz\u0105dzenie mo\u017ce zosta\u0107 odes\u0142ane na jego koszt.<\/li><\/ol><hr data-start=\"1430\" data-end=\"1433\" \/><h2 data-section-id=\"skdvck\" data-start=\"1435\" data-end=\"1456\">\u00a75 Czas realizacji<\/h2><ol data-start=\"1457\" data-end=\"1607\"><li data-section-id=\"19l9dnh\" data-start=\"1457\" data-end=\"1529\">Czas realizacji zale\u017cy od stopnia uszkodzenia i dost\u0119pno\u015bci cz\u0119\u015bci.<\/li><li data-section-id=\"jv6qu6\" data-start=\"1530\" data-end=\"1607\">Firma dok\u0142ada wszelkich stara\u0144, aby realizacja by\u0142a mo\u017cliwie najszybsza.<\/li><\/ol><hr data-start=\"1609\" data-end=\"1612\" \/><h2 data-section-id=\"vk4ce4\" data-start=\"1614\" data-end=\"1636\">\u00a76 Odpowiedzialno\u015b\u0107<\/h2><ol data-start=\"1637\" data-end=\"1806\"><li data-section-id=\"5stgnh\" data-start=\"1637\" data-end=\"1695\">Firma odpowiada wy\u0142\u0105cznie za zakres wykonanej us\u0142ugi.<\/li><li data-section-id=\"ubah11\" data-start=\"1696\" data-end=\"1806\">Firma nie ponosi odpowiedzialno\u015bci za:<br \/><ul data-start=\"1741\" data-end=\"1806\"><li data-section-id=\"ccoqf3\" data-start=\"1741\" data-end=\"1757\">utracone dane,<\/li><li data-section-id=\"d0omv4\" data-start=\"1761\" data-end=\"1806\">straty wynikaj\u0105ce z przestoju urz\u0105dzenia.<\/li><\/ul><\/li><\/ol><hr data-start=\"1808\" data-end=\"1811\" \/><h2 data-section-id=\"1qzyyj5\" data-start=\"1813\" data-end=\"1828\">\u00a77 Gwarancja<\/h2><ol data-start=\"1829\" data-end=\"1994\"><li data-section-id=\"1s1g206\" data-start=\"1829\" data-end=\"1914\">Na wykonan\u0105 us\u0142ug\u0119 mo\u017ce by\u0107 udzielona gwarancja \u2013 zakres ustalany indywidualnie.<\/li><li data-section-id=\"dc9gi1\" data-start=\"1915\" data-end=\"1994\">Gwarancja nie obejmuje uszkodze\u0144 wynikaj\u0105cych z niew\u0142a\u015bciwego u\u017cytkowania.<\/li><\/ol><hr data-start=\"1996\" data-end=\"1999\" \/><h2 data-section-id=\"1ihlzmp\" data-start=\"2001\" data-end=\"2028\">\u00a78 Postanowienia ko\u0144cowe<\/h2><ol data-start=\"2029\" data-end=\"2128\"><li data-section-id=\"ytkl5l\" data-start=\"2029\" data-end=\"2085\">Regulamin obowi\u0105zuje od dnia publikacji na stronie.<\/li><li data-section-id=\"fe1zou\" data-start=\"2086\" data-end=\"2128\">Firma zastrzega prawo do jego zmiany.<\/li><\/ol>\t\t\t\t\t\t\t\t<\/div>\n\t\t\t\t\t<\/div>\n\t\t\t\t<\/div>\n\t\t\t\t<\/div>\n\t\t","protected":false},"excerpt":{"rendered":"<p>AITR Adrian AdamsonOksz\u00f3w, ul. Che\u0142mska 57.NIP: 5632395136REGON: 529926848 \u00a0 \u00a71 Postanowienia og\u00f3lne Niniejszy regulamin okre\u015bla zasady \u015bwiadczenia us\u0142ug przez firm\u0119:AITR Adrian Adamson, z siedzib\u0105: Oksz\u00f3w, ul. Che\u0142mska 57. Regulamin dotyczy us\u0142ug diagnostyki i naprawy elektroniki oraz automatyki przemys\u0142owej. Klientem mo\u017ce by\u0107 osoba fizyczna, firma lub instytucja. \u00a72 Zakres us\u0142ug Firma \u015bwiadczy us\u0142ugi w zakresie: diagnostyki [&hellip;]<\/p>\n","protected":false},"author":1,"featured_media":0,"parent":0,"menu_order":0,"comment_status":"closed","ping_status":"closed","template":"","meta":{"footnotes":""},"class_list":["post-124","page","type-page","status-publish","hentry"],"_links":{"self":[{"href":"https:\/\/aitr.pl\/index.php?rest_route=\/wp\/v2\/pages\/124","targetHints":{"allow":["GET"]}}],"collection":[{"href":"https:\/\/aitr.pl\/index.php?rest_route=\/wp\/v2\/pages"}],"about":[{"href":"https:\/\/aitr.pl\/index.php?rest_route=\/wp\/v2\/types\/page"}],"author":[{"embeddable":true,"href":"https:\/\/aitr.pl\/index.php?rest_route=\/wp\/v2\/users\/1"}],"replies":[{"embeddable":true,"href":"https:\/\/aitr.pl\/index.php?rest_route=%2Fwp%2Fv2%2Fcomments&post=124"}],"version-history":[{"count":14,"href":"https:\/\/aitr.pl\/index.php?rest_route=\/wp\/v2\/pages\/124\/revisions"}],"predecessor-version":[{"id":176,"href":"https:\/\/aitr.pl\/index.php?rest_route=\/wp\/v2\/pages\/124\/revisions\/176"}],"wp:attachment":[{"href":"https:\/\/aitr.pl\/index.php?rest_route=%2Fwp%2Fv2%2Fmedia&parent=124"}],"curies":[{"name":"wp","href":"https:\/\/api.w.org\/{rel}","templated":true}]}}